{"id":38,"date":"2023-09-13T16:10:33","date_gmt":"2023-09-13T16:10:33","guid":{"rendered":"https:\/\/vinaquito.org\/vinaq\/home\/"},"modified":"2025-10-26T16:37:03","modified_gmt":"2025-10-26T16:37:03","slug":"home","status":"publish","type":"page","link":"https:\/\/vinaquito.org\/vinaq\/","title":{"rendered":"Home"},"content":{"rendered":"\n\n\n\n\n\n\n\n<h4>ven a una<\/h4>\n\n\n<h2>Experiencia en<\/h2>\n\n\n\n<h1>DOMINGO<\/h1>\n\n\n\n\n\n\n<h2>\u00bfQu\u00e9 puedes esperar si nos visitas un domingo?<\/h2>\n\n\n\n\n\n<h2>Bienvenida<\/h2>\n\n\n<p>En nuestro Auditorio (Av. Amazonas N47 y R\u00edo Palora.) Abrimos a las 8h45 para nuestro primer servicio en ingl\u00e9s que inicia a las 9h00, Nuestro servicio en espa\u00f1ol inicia a las 10:30&#8230; Si llegas temprano habr\u00e1 una persona a la entrada para saludarte y compartir contigo caf\u00e9. <br><span class=\"leer-mas\" id=\"toggleTexto\">Leer m\u00e1s<\/span><\/p>\n    \n    <p id=\"parrafoOculto\" style=\"display:none;\">\n        <\/p><p>Reg\u00edstrate en la mesa de recepci\u00f3n y si es tu primera vez con nosotros vas a recibir un regalo especial de bienvenida, \u00a1nos alegra que nos acompa\u00f1es!. Adem\u00e1s contamos con un servicio para Ni\u00f1os simult\u00e1nea al horario de nuestro servicio, es en el mismo edificio del auditorio pero un piso m\u00e1s arriba, hay se\u00f1alizaci\u00f3n para facilitar la llegada de padres y ni\u00f1os, este es un lugar seguro y divertido, el padre recibir\u00e1 una identificaci\u00f3n igual a la de su hijo, con la cual posteriormente puede retirar a su ni\u00f1o al final del servicio con toda seguridad.<\/p>\n    \n    <script>\n        var toggleTexto = document.getElementById(\"toggleTexto\");\n        var parrafoOculto = document.getElementById(\"parrafoOculto\");\n        toggleTexto.addEventListener(\"click\", function() {\n            if (parrafoOculto.style.display === \"none\") {\n                parrafoOculto.style.display = \"block\";\n                toggleTexto.innerText = \"Leer menos\";\n            } else {\n                parrafoOculto.style.display = \"none\";\n                toggleTexto.innerText = \"Leer m\u00e1s\";\n            }\n        });\n    <\/script>\n\n\n\n\n\n\n\n\n\n<h2>Adoraci\u00f3n<\/h2>\n\n\nTenemos un estilo contempor\u00e1neo, buscamos conectarnos con Dios a trav\u00e9s de la m\u00fasica. Luego de un par de canciones, tenemos 3 min para saludarnos, luego una charla pr\u00e1ctica. Seguimos con adoraci\u00f3n con la banda, \u00a1sin olvidar los anuncios! Y terminamos la actividad.\n\n\n\n\n\n\n\n\n\n\n\n\n\n\n\n\n\n\n\n\n\n\n\n\n\n\n\n\n<h2>\u00bfC\u00f3mo llegar a La Vi\u00f1a?<\/h2>\n\n\n\n\nSi vienes en auto propio, disponemos de parqueadero el d\u00eda domingo donde puedes estacionar con toda comodidad y habr\u00e1 una persona que cuidar\u00e1 tu auto mientras est\u00e1s en nuestra reuni\u00f3n.\n<p>Si vienes en bus puedes tomar cualquiera de los siguientes servicios:<\/p>\n<li>Puedes venir en Trole hasta la terminal El Labrador. (Te deja diagonal de La Vi\u00f1a)<\/li><li>Puedes venir en el Metro hasta la parada del Labrador. (Te deja diagonal de La Vi\u00f1a)<\/li>\n<li>Si vienes en bus de Norte a Sur, cualquier bus azul que pase por el sector de El Labrador o en el Metrobus, en la Parada La Concepci\u00f3n de (a una cuadra en la Av. La Prensa, debes caminar una cuadra hasta la Amazonas por la Calle Palora)<\/li>\n<li>Si vienes en bus de Sur a Norte, puedes tomar cualquier bus azul que vaya por la Av. Amazonas (Frente a La Vi\u00f1a)<\/li>\n<li>Si vienes en bicicleta, trotando o caminando, puedes aprovechar el ciclopaseo de los domingos y venir por la Av. Amazonas o Galo Plaza Lasso), \u00a1recueda traer el candado para tu bicicleta!<\/li>\n\n\n\n\n\nAv. Amazonas y Palora, Iglesia La Vi\u00f1a\n\n\n\n\n\n\n\n<h2>\u00bfPArA qu\u00e9 existimos?<\/h2>\n\n<h5 style=\"text-decoration-style: initial;\">Para hacer m\u00e1s y mejores disc\u00edpulos. No solo m\u00e1s, y no solo mejores. M\u00e1s y mejores disc\u00edpulos.<\/h5>\n\n\n\n\n\n\n\n<h2>\u00bfQUIENES somos?<\/h2>\n\n\n\n<H4><strong>Somos \u00abEsa Iglesia\u00bb con:<\/strong><\/H4><p>\u00b7<span style=\"white-space:pre\">\t<\/span>Reputaci\u00f3n de amar a la gente.<\/p><p>\u00b7<span style=\"white-space:pre\">\t<\/span>Una reputaci\u00f3n de conocer a las personas donde est\u00e1n.<\/p><p>\u00b7<span style=\"white-space:pre\">\t<\/span>Una reputaci\u00f3n de que brindamos ayuda cuando la gente lo necesita.<\/p><p>\u00b7<span style=\"white-space:pre\">\t<\/span>Una reputaci\u00f3n de servir bien a nuestra comunidad.<\/p><p>\u00b7<span style=\"white-space:pre\">\t<\/span>Una reputaci\u00f3n de vidas que est\u00e1n siendo cambiadas.<\/p><p>\u00b7<span style=\"white-space:pre\">\t<\/span>Una reputaci\u00f3n de proporcionar un lugar seguro para las familias.<\/p><p>\u00b7<span style=\"white-space:pre\">\t<\/span>Una reputaci\u00f3n de brindar experiencias \u00fanicas para las familias.<\/p><p>\u00b7<span style=\"white-space:pre\">\t<\/span>Reputaci\u00f3n de hacer las cosas bien.<\/p>\n\n\n<H4><strong>Somos \u00abEsas Personas\u00bb con:<\/strong><\/H4><p>\u00b7<span style=\"white-space:pre\">\t<\/span>Una reputaci\u00f3n de ser semejante a Cristo.<\/p><p>\u00b7<span style=\"white-space:pre\">\t<\/span>Una reputaci\u00f3n de ser inclusivos.<\/p><p>\u00b7<span style=\"white-space:pre\">\t<\/span>Una reputaci\u00f3n de ser hacedores de disc\u00edpulos.<\/p><p>\u00b7<span style=\"white-space:pre\">\t<\/span>Reputaci\u00f3n de ser personas de oraci\u00f3n.<\/p><p>\u00b7<span style=\"white-space:pre\">\t<\/span>Una reputaci\u00f3n de amar las Escrituras.<\/p><p>\u00b7<span style=\"white-space:pre\">\t<\/span>Una reputaci\u00f3n de cuidar.<\/p><p>\u00b7<span style=\"white-space:pre\">\t<\/span>Una reputaci\u00f3n de servicio.<\/p>\n\n\n\n\n\n\n\n\n\n<h2>\u00bfNecesitas consejer\u00eda?<\/h2>\n\n<h6>Nos encanta que podamos conversar sobre el tema que necesites, ponte en contacto con nosotros.<\/h6>\n\n\n\n\n\n\n\n<h2>LO QUE HACEMOS<\/h2>\n\n\n\n\n\n<h2>Ni\u00f1os<\/h2>\n\n\n\n\n<h2>Charla<\/h2>\n\n\n\n\n<h2>J\u00f3venes<\/h2>\n\n\n\n\n<h2>Mujeres<\/h2>\n\n\n\n\n<h2>Comuni\u00f3n<\/h2>\n\n\n\n\n<h2>Bienvenida<\/h2>\n\n\n\n\n\n\n\n\n\n<p>DAR<\/p>\n\n\n\nEn La Vi\u00f1a, uno de nuestros valores es ser generosos.\n\n\n<p> Esto nos motiva a dar.\nDar es una expresi\u00f3n de amor que refleja nuestro rol de administradores de la provisi\u00f3n de Dios. Cuando damos, estamos mostrando nuestro agradecimiento por todo lo que hemos recibido, y estamos contribuyendo a construir una comunidad del Reino de Dios. <\/p><p>Si quieres hacer una donaci\u00f3n monetaria, puedes hacerlo de las siguientes formas:<\/p>\n\n\n\n\n<p>Directamente durante uno de nuestros servicios durante el tiempo de la ofrenda<\/p>\n\n\n<p>A nombre de Iglesia Cristiana La Vi\u00f1a<\/p>\n\n\n<p>A la cuenta corriente del Banco Internacional 0420605197, RUC 1792243572001, email: lavinaquito@gmail.com<\/p>\n\n\n\n\n\n\n<h2>S\u00edguenos<\/h2>\n\n\n\n\n\n<iframe loading=\"lazy\" src=\"https:\/\/www.facebook.com\/plugins\/page.php?href=https%3A%2F%2Fwww.facebook.com%2FIglesiaLaVi%C3%B1aQuito&amp;tabs=timeline&amp;width=0&amp;height=0&amp;small_header=false&amp;adapt_container_width=true&amp;hide_cover=false&amp;show_facepile=false&amp;appId=277340751797983\" width=\"0\" height=\"0\" style=\"border:none;overflow:hidden\" scrolling=\"no\" frameborder=\"0\" allowfullscreen=\"true\" allow=\"autoplay; clipboard-write; encrypted-media; picture-in-picture; web-share\"><\/iframe>\n\n\n\n\n\n","protected":false},"excerpt":{"rendered":"","protected":false},"author":0,"featured_media":0,"parent":0,"menu_order":0,"comment_status":"closed","ping_status":"closed","template":"","meta":{"pagelayer_contact_templates":[],"_pagelayer_content":"","footnotes":""},"class_list":["post-38","page","type-page","status-publish","hentry"],"_links":{"self":[{"href":"https:\/\/vinaquito.org\/vinaq\/wp-json\/wp\/v2\/pages\/38","targetHints":{"allow":["GET"]}}],"collection":[{"href":"https:\/\/vinaquito.org\/vinaq\/wp-json\/wp\/v2\/pages"}],"about":[{"href":"https:\/\/vinaquito.org\/vinaq\/wp-json\/wp\/v2\/types\/page"}],"replies":[{"embeddable":true,"href":"https:\/\/vinaquito.org\/vinaq\/wp-json\/wp\/v2\/comments?post=38"}],"version-history":[{"count":73,"href":"https:\/\/vinaquito.org\/vinaq\/wp-json\/wp\/v2\/pages\/38\/revisions"}],"predecessor-version":[{"id":293,"href":"https:\/\/vinaquito.org\/vinaq\/wp-json\/wp\/v2\/pages\/38\/revisions\/293"}],"wp:attachment":[{"href":"https:\/\/vinaquito.org\/vinaq\/wp-json\/wp\/v2\/media?parent=38"}],"curies":[{"name":"wp","href":"https:\/\/api.w.org\/{rel}","templated":true}]}}